{"id":51,"date":"2025-05-04T07:43:17","date_gmt":"2025-05-04T07:43:17","guid":{"rendered":"https:\/\/singlotipollastre.com\/?page_id=51"},"modified":"2025-05-05T08:23:44","modified_gmt":"2025-05-05T08:23:44","slug":"musica","status":"publish","type":"page","link":"https:\/\/singlotipollastre.com\/?page_id=51","title":{"rendered":"M\u00fasica"},"content":{"rendered":"\t\t<div data-elementor-type=\"wp-page\" data-elementor-id=\"51\" class=\"elementor elementor-51\">\n\t\t\t\t<div class=\"elementor-element elementor-element-d2e0be4 e-flex e-con-boxed e-con e-parent\" data-id=\"d2e0be4\" data-element_type=\"container\">\n\t\t\t\t\t<div class=\"e-con-inner\">\n\t\t\t\t<div class=\"elementor-element elementor-element-aa51e76 elementor-widget elementor-widget-heading\" data-id=\"aa51e76\" data-element_type=\"widget\" data-widget_type=\"heading.default\">\n\t\t\t\t<div class=\"elementor-widget-container\">\n\t\t\t\t\t<h1 class=\"elementor-heading-title elementor-size-default\">M\u00fasica<\/h1>\t\t\t\t<\/div>\n\t\t\t\t<\/div>\n\t\t\t\t<div class=\"elementor-element elementor-element-316a8e6 elementor-widget elementor-widget-text-editor\" data-id=\"316a8e6\" data-element_type=\"widget\" data-widget_type=\"text-editor.default\">\n\t\t\t\t<div class=\"elementor-widget-container\">\n\t\t\t\t\t\t\t\t\t<p>La m\u00fasica de <strong>Singlot i pollastre<\/strong> expressa la decad\u00e8ncia humana:&nbsp; la del recent nascut, la de l&#8217;adult i la del vell decr\u00e8pit per igual, sense distincions.<\/p>\t\t\t\t\t\t\t\t<\/div>\n\t\t\t\t<\/div>\n\t\t\t\t\t<\/div>\n\t\t\t\t<\/div>\n\t\t<div class=\"elementor-element elementor-element-d49f9f8 e-flex e-con-boxed e-con e-parent\" data-id=\"d49f9f8\" data-element_type=\"container\">\n\t\t\t\t\t<div class=\"e-con-inner\">\n\t\t\t\t<div class=\"elementor-element elementor-element-ad22344 elementor-widget elementor-widget-heading\" data-id=\"ad22344\" data-element_type=\"widget\" data-widget_type=\"heading.default\">\n\t\t\t\t<div class=\"elementor-widget-container\">\n\t\t\t\t\t<h4 class=\"elementor-heading-title elementor-size-default\">Ara que no hi \u00e9s el maridet<\/h4>\t\t\t\t<\/div>\n\t\t\t\t<\/div>\n\t\t\t\t\t<\/div>\n\t\t\t\t<\/div>\n\t\t<div class=\"elementor-element elementor-element-0e7ad5b e-flex e-con-boxed e-con e-parent\" data-id=\"0e7ad5b\" data-element_type=\"container\">\n\t\t\t\t\t<div class=\"e-con-inner\">\n\t\t<div class=\"elementor-element elementor-element-d83b020 e-con-full e-flex e-con e-child\" data-id=\"d83b020\" data-element_type=\"container\">\n\t\t\t\t<div class=\"elementor-element elementor-element-3c0b381 elementor-widget elementor-widget-text-editor\" data-id=\"3c0b381\" data-element_type=\"widget\" data-widget_type=\"text-editor.default\">\n\t\t\t\t<div class=\"elementor-widget-container\">\n\t\t\t\t\t\t\t\t\t<p>Aquesta can\u00e7\u00f3 ens parla de la dona infidel, que busca una amant i que, quan finalment el troba, en busca un de nou, insatisfeta, i aix\u00ed successivament fins que es mor.<\/p>\t\t\t\t\t\t\t\t<\/div>\n\t\t\t\t<\/div>\n\t\t\t\t<div class=\"elementor-element elementor-element-8a197f9 elementor-widget elementor-widget-video\" data-id=\"8a197f9\" data-element_type=\"widget\" data-settings=\"{&quot;youtube_url&quot;:&quot;https:\\\/\\\/www.youtube.com\\\/watch?v=wXO--Grm76I&quot;,&quot;video_type&quot;:&quot;youtube&quot;,&quot;controls&quot;:&quot;yes&quot;}\" data-widget_type=\"video.default\">\n\t\t\t\t<div class=\"elementor-widget-container\">\n\t\t\t\t\t\t\t<div class=\"elementor-wrapper elementor-open-inline\">\n\t\t\t<div class=\"elementor-video\"><\/div>\t\t<\/div>\n\t\t\t\t\t\t<\/div>\n\t\t\t\t<\/div>\n\t\t\t\t<\/div>\n\t\t<div class=\"elementor-element elementor-element-8286d2a e-con-full e-flex e-con e-child\" data-id=\"8286d2a\" data-element_type=\"container\">\n\t\t\t\t<div class=\"elementor-element elementor-element-412a109 elementor-widget elementor-widget-text-editor\" data-id=\"412a109\" data-element_type=\"widget\" data-widget_type=\"text-editor.default\">\n\t\t\t\t<div class=\"elementor-widget-container\">\n\t\t\t\t\t\t\t\t\t<p><em>\u00abAra que no hi \u00e9s el maridet, ara podrem fer dolenteries.\u00a0<\/em><\/p><p><em>Vine a casa meva a mitjanit, compte que no et vegin les ve\u00efnes.\u00a0<\/em><\/p><p><em>Ens estimarem de cap a peus i podrem jugar com cada vespre.\u00a0<\/em><\/p><p><em>Tu et pots fer passar per botiguer, jo em puc fer passar per la clienta.\u00a0<\/em><\/p><p><em>La, la, la, la, vull aquest home; La, la, la, la, fes-me una dona.\u00a0<\/em><\/p><p><em>Ja fa massa temps que som casats, la passi\u00f3 d\u2019amor \u00e9s fugissera\u00a0<\/em><\/p><p><em>ell se m\u2019ha tornat un malcarat i jo m\u2019he buscat una drecera.\u00a0<\/em><\/p><p><em>Tant bon punt s\u2019ha fet habitual, el meu nou amant ja no \u00e9s el que era.\u00a0<\/em><\/p><p><em>Jo diria que \u00e9s massa formal; massa, jo que s\u00f3c una pantera!\u00a0<\/em><\/p><p><em>La, la, la, la\u2026 vull un altre home La, la, la, la\u2026 que em faci una dona.\u00bb<\/em><\/p>\t\t\t\t\t\t\t\t<\/div>\n\t\t\t\t<\/div>\n\t\t\t\t<\/div>\n\t\t\t\t\t<\/div>\n\t\t\t\t<\/div>\n\t\t<div class=\"elementor-element elementor-element-be1ccd8 e-flex e-con-boxed e-con e-parent\" data-id=\"be1ccd8\" data-element_type=\"container\">\n\t\t\t\t\t<div class=\"e-con-inner\">\n\t\t\t\t<div class=\"elementor-element elementor-element-1931ca1 elementor-widget elementor-widget-heading\" data-id=\"1931ca1\" data-element_type=\"widget\" data-widget_type=\"heading.default\">\n\t\t\t\t<div class=\"elementor-widget-container\">\n\t\t\t\t\t<h4 class=\"elementor-heading-title elementor-size-default\">Els vells<\/h4>\t\t\t\t<\/div>\n\t\t\t\t<\/div>\n\t\t\t\t\t<\/div>\n\t\t\t\t<\/div>\n\t\t<div class=\"elementor-element elementor-element-5d6c96f e-flex e-con-boxed e-con e-parent\" data-id=\"5d6c96f\" data-element_type=\"container\">\n\t\t\t\t\t<div class=\"e-con-inner\">\n\t\t<div class=\"elementor-element elementor-element-946ece5 e-con-full e-flex e-con e-child\" data-id=\"946ece5\" data-element_type=\"container\">\n\t\t\t\t<div class=\"elementor-element elementor-element-5d5d712 elementor-widget elementor-widget-text-editor\" data-id=\"5d5d712\" data-element_type=\"widget\" data-widget_type=\"text-editor.default\">\n\t\t\t\t<div class=\"elementor-widget-container\">\n\t\t\t\t\t\t\t\t\t<p>Quan comen\u00e7a la vellesa? Nosaltres afirmem sense tremolar: el dia mateix de la concepci\u00f3. Per aix\u00f2 aquesta can\u00e7\u00f3 parla de tots nosaltres en qualsevol moment de la nostra vida.\u00a0<\/p>\t\t\t\t\t\t\t\t<\/div>\n\t\t\t\t<\/div>\n\t\t\t\t<div class=\"elementor-element elementor-element-e12a765 elementor-widget elementor-widget-video\" data-id=\"e12a765\" data-element_type=\"widget\" data-settings=\"{&quot;youtube_url&quot;:&quot;https:\\\/\\\/www.youtube.com\\\/watch?v=v_q_Bg0tXYQ&quot;,&quot;video_type&quot;:&quot;youtube&quot;,&quot;controls&quot;:&quot;yes&quot;}\" data-widget_type=\"video.default\">\n\t\t\t\t<div class=\"elementor-widget-container\">\n\t\t\t\t\t\t\t<div class=\"elementor-wrapper elementor-open-inline\">\n\t\t\t<div class=\"elementor-video\"><\/div>\t\t<\/div>\n\t\t\t\t\t\t<\/div>\n\t\t\t\t<\/div>\n\t\t\t\t<\/div>\n\t\t<div class=\"elementor-element elementor-element-4d7be9e e-con-full e-flex e-con e-child\" data-id=\"4d7be9e\" data-element_type=\"container\">\n\t\t\t\t<div class=\"elementor-element elementor-element-5f244be elementor-widget elementor-widget-text-editor\" data-id=\"5f244be\" data-element_type=\"widget\" data-widget_type=\"text-editor.default\">\n\t\t\t\t<div class=\"elementor-widget-container\">\n\t\t\t\t\t\t\t\t\t<p><em>\u00abEls vells xarrupen sopa i s\u2019ennueguen amb la pasta, els vells.<\/em><\/p><p><em>Els vells, coll de gallina, plens de p\u00e8ls i co\u00e0guls foscos de sang.<\/em><\/p><p><em>Els vells, mans tremoloses, cos d\u2019ocell, peluts per fora i per dins.<\/em><\/p><p><em>I els programes de la tele, \u00a1com m\u2019agraden, Vanessa Heidi, en silenci, mentre em poses les can\u00e7ons de la Shakira de fons!<\/em><\/p><p><em>Els vells, que tenen fred al mes d\u2019Agost amb el pijama d\u2019hivern.<\/em><\/p><p><em>Els vells, terr\u00f2s de fang que s\u2019alimenta i es belluga cansat.<\/em><\/p><p><em>Els vells, que cada cop et costa m\u00e9s estar despert de la mort.<\/em><\/p><p><em>I els programes de la tele, \u00a1com m\u2019agraden, Vanessa Heidi, en silenci, mentre em poses les can\u00e7ons de la Shakira de fons!<\/em><\/p><p><em>Els vells, xarrupen sopa i s\u2019ennueguen amb la pasta, els vells. els vells. els vells.<\/em><\/p><p><em>Bitter Kas\u2026\u00bb<\/em><\/p>\t\t\t\t\t\t\t\t<\/div>\n\t\t\t\t<\/div>\n\t\t\t\t<\/div>\n\t\t\t\t\t<\/div>\n\t\t\t\t<\/div>\n\t\t<div class=\"elementor-element elementor-element-71f7fb1 e-flex e-con-boxed e-con e-parent\" data-id=\"71f7fb1\" data-element_type=\"container\">\n\t\t\t\t\t<div class=\"e-con-inner\">\n\t\t\t\t<div class=\"elementor-element elementor-element-8a90c73 elementor-widget elementor-widget-heading\" data-id=\"8a90c73\" data-element_type=\"widget\" data-widget_type=\"heading.default\">\n\t\t\t\t<div class=\"elementor-widget-container\">\n\t\t\t\t\t<h4 class=\"elementor-heading-title elementor-size-default\">Avui no morirem<\/h4>\t\t\t\t<\/div>\n\t\t\t\t<\/div>\n\t\t\t\t\t<\/div>\n\t\t\t\t<\/div>\n\t\t<div class=\"elementor-element elementor-element-568630f e-grid e-con-boxed e-con e-parent\" data-id=\"568630f\" data-element_type=\"container\">\n\t\t\t\t\t<div class=\"e-con-inner\">\n\t\t<div class=\"elementor-element elementor-element-b711e1e e-con-full e-flex e-con e-child\" data-id=\"b711e1e\" data-element_type=\"container\">\n\t\t\t\t<div class=\"elementor-element elementor-element-4c7d7fd elementor-widget elementor-widget-text-editor\" data-id=\"4c7d7fd\" data-element_type=\"widget\" data-widget_type=\"text-editor.default\">\n\t\t\t\t<div class=\"elementor-widget-container\">\n\t\t\t\t\t\t\t\t\t<p>Tothom sap que durant les vacances no ens podem morir.<\/p>\t\t\t\t\t\t\t\t<\/div>\n\t\t\t\t<\/div>\n\t\t\t\t<div class=\"elementor-element elementor-element-3fd1178 elementor-widget elementor-widget-video\" data-id=\"3fd1178\" data-element_type=\"widget\" data-settings=\"{&quot;youtube_url&quot;:&quot;https:\\\/\\\/www.youtube.com\\\/watch?v=f0DhvpmWc-k&quot;,&quot;video_type&quot;:&quot;youtube&quot;,&quot;controls&quot;:&quot;yes&quot;}\" data-widget_type=\"video.default\">\n\t\t\t\t<div class=\"elementor-widget-container\">\n\t\t\t\t\t\t\t<div class=\"elementor-wrapper elementor-open-inline\">\n\t\t\t<div class=\"elementor-video\"><\/div>\t\t<\/div>\n\t\t\t\t\t\t<\/div>\n\t\t\t\t<\/div>\n\t\t\t\t<\/div>\n\t\t\t\t<div class=\"elementor-element elementor-element-d61bdfd elementor-widget elementor-widget-text-editor\" data-id=\"d61bdfd\" data-element_type=\"widget\" data-widget_type=\"text-editor.default\">\n\t\t\t\t<div class=\"elementor-widget-container\">\n\t\t\t\t\t\t\t\t\t<p>\u00abEn lloc de su\u00efcidar-te, quan vingui la calor,\u00a0<\/p><p>agafa la fam\u00edlia, feu cua a l&#8217;aeroport.\u00a0<\/p><p>Deixeu el nord d&#8217;Europa, la pluja i la foscor:\u00a0<\/p><p>el gust de la cervesa millora sota el sol.\u00a0<\/p><p>Les panxes vermelloses, la crema i la suor;\u00a0<\/p><p>els nens criden com b\u00e8sties, no res a l&#8217;horitz\u00f3&#8230;\u00a0<\/p><p>Les gambes s\u00f3n crustacis, el Frans \u00e9s un senyor;\u00a0<\/p><p>les gambes a la planxa, el Frans amb un porr\u00f3.\u00a0<\/p><p>La Gretel va amb bikini, el Frans porta un slip,\u00a0<\/p><p>brillants com dues bombetes, inflats com zepelins&#8230;\u00a0<\/p><p>Avui no morirem! Avui no morirem!\u00a0<\/p><p>Avui no morirem! Avui no morirem!\u00bb<\/p>\t\t\t\t\t\t\t\t<\/div>\n\t\t\t\t<\/div>\n\t\t\t\t\t<\/div>\n\t\t\t\t<\/div>\n\t\t\t\t<\/div>\n\t\t","protected":false},"excerpt":{"rendered":"<p>M\u00fasica La m\u00fasica de Singlot i pollastre expressa la decad\u00e8ncia humana:&nbsp; la del recent nascut, la de l&#8217;adult i la [&hellip;]<\/p>\n","protected":false},"author":1,"featured_media":0,"parent":0,"menu_order":0,"comment_status":"closed","ping_status":"closed","template":"","meta":{"site-sidebar-layout":"no-sidebar","site-content-layout":"","ast-site-content-layout":"full-width-container","site-content-style":"default","site-sidebar-style":"default","ast-global-header-display":"","ast-banner-title-visibility":"","ast-main-header-display":"","ast-hfb-above-header-display":"","ast-hfb-below-header-display":"","ast-hfb-mobile-header-display":"","site-post-title":"disabled","ast-breadcrumbs-content":"","ast-featured-img":"disabled","footer-sml-layout":"","ast-disable-related-posts":"","theme-transparent-header-meta":"","adv-header-id-meta":"","stick-header-meta":"","header-above-stick-meta":"","header-main-stick-meta":"","header-below-stick-meta":"","astra-migrate-meta-layouts":"default","ast-page-background-enabled":"default","ast-page-background-meta":{"desktop":{"background-color":"var(--ast-global-color-5)","background-image":"","background-repeat":"repeat","background-position":"center center","background-size":"auto","background-attachment":"scroll","background-type":"","background-media":"","overlay-type":"","overlay-color":"","overlay-opacity":"","overlay-gradient":""},"tablet":{"background-color":"","background-image":"","background-repeat":"repeat","background-position":"center center","background-size":"auto","background-attachment":"scroll","background-type":"","background-media":"","overlay-type":"","overlay-color":"","overlay-opacity":"","overlay-gradient":""},"mobile":{"background-color":"","background-image":"","background-repeat":"repeat","background-position":"center center","background-size":"auto","background-attachment":"scroll","background-type":"","background-media":"","overlay-type":"","overlay-color":"","overlay-opacity":"","overlay-gradient":""}},"ast-content-background-meta":{"desktop":{"background-color":"var(--ast-global-color-4)","background-image":"","background-repeat":"repeat","background-position":"center center","background-size":"auto","background-attachment":"scroll","background-type":"","background-media":"","overlay-type":"","overlay-color":"","overlay-opacity":"","overlay-gradient":""},"tablet":{"background-color":"var(--ast-global-color-4)","background-image":"","background-repeat":"repeat","background-position":"center center","background-size":"auto","background-attachment":"scroll","background-type":"","background-media":"","overlay-type":"","overlay-color":"","overlay-opacity":"","overlay-gradient":""},"mobile":{"background-color":"var(--ast-global-color-4)","background-image":"","background-repeat":"repeat","background-position":"center center","background-size":"auto","background-attachment":"scroll","background-type":"","background-media":"","overlay-type":"","overlay-color":"","overlay-opacity":"","overlay-gradient":""}},"footnotes":""},"class_list":["post-51","page","type-page","status-publish","hentry"],"_links":{"self":[{"href":"https:\/\/singlotipollastre.com\/index.php?rest_route=\/wp\/v2\/pages\/51","targetHints":{"allow":["GET"]}}],"collection":[{"href":"https:\/\/singlotipollastre.com\/index.php?rest_route=\/wp\/v2\/pages"}],"about":[{"href":"https:\/\/singlotipollastre.com\/index.php?rest_route=\/wp\/v2\/types\/page"}],"author":[{"embeddable":true,"href":"https:\/\/singlotipollastre.com\/index.php?rest_route=\/wp\/v2\/users\/1"}],"replies":[{"embeddable":true,"href":"https:\/\/singlotipollastre.com\/index.php?rest_route=%2Fwp%2Fv2%2Fcomments&post=51"}],"version-history":[{"count":49,"href":"https:\/\/singlotipollastre.com\/index.php?rest_route=\/wp\/v2\/pages\/51\/revisions"}],"predecessor-version":[{"id":248,"href":"https:\/\/singlotipollastre.com\/index.php?rest_route=\/wp\/v2\/pages\/51\/revisions\/248"}],"wp:attachment":[{"href":"https:\/\/singlotipollastre.com\/index.php?rest_route=%2Fwp%2Fv2%2Fmedia&parent=51"}],"curies":[{"name":"wp","href":"https:\/\/api.w.org\/{rel}","templated":true}]}}